{"id":2,"date":"2025-07-25T11:46:41","date_gmt":"2025-07-25T11:46:41","guid":{"rendered":"http:\/\/yeahbutno.de\/?page_id=2"},"modified":"2026-02-28T09:13:05","modified_gmt":"2026-02-28T09:13:05","slug":"sample-page","status":"publish","type":"page","link":"https:\/\/yeahbutno.de\/en\/sample-page\/","title":{"rendered":"Redefining Creative Collaboration"},"content":{"rendered":"<p>\n\n\n<p><\/p>\n\n\n\n<p><\/p>\n\n\n\n<p><\/p>\n\n\n\n<div style=\"height:100px\" aria-hidden=\"true\" class=\"wp-block-spacer\"><\/div>\n\n\n\n<p>Wir helfen Marken und Agenturen das Beste aus ihrer Zusammenarbeit herauszuholen. Ohne endlose Pitches, ohne Politik.<\/p>\n\n\n\n<p>Unser Ansatz: <strong>Creative Strategy meets Relationship Design.<\/strong><br>Wir \u00fcbersetzen Businessziele in kreative Sprache, entlasten Teams mit klaren Entscheidungslogiken und verwandeln unklare Briefings und Abstimmungsschleifen in bis zu 30 % mehr Effizienz.<\/p>\n\n\n\n<p>Daf\u00fcr bieten wir drei Formate:<br><strong>Operating System Implementierung (YBN-OS):<\/strong> wir schaffen Strukturen und Prozesse, die funktionieren.<br><strong>Workshops:<\/strong> praxisnahes Training von Briefing Excellence bis Creative Leadership.<br><strong>The Match:<\/strong> unser Event f\u00fcr echte Agentur-Client-Kollaboration.<\/p>\n\n\n\n<p>Je nach Projekt erweitern wir unser Kernteam um <strong>The Smart Group<\/strong>, ein Netzwerk aus Strategie, Kreation, Media und Produktion. So entsteht genau die Kombination, die sp\u00fcrbar bessere Ergebnisse liefert, nachhaltig und auf Augenh\u00f6he.<\/p>\n\n\n\n<p><\/p>\n\n\n\n<p><a href=\"https:\/\/yeahbutno.de\/2026marketingtrends\/\" data-type=\"page\" data-id=\"2\">YBN Marketing Trends 2026<\/a><\/p>\n\n\n\n<p class=\"has-text-color has-link-color wp-elements-551a3db2546125638572085621be62da\" style=\"color:#b497d6\">Bock was zu starten? <a href=\"mailto:dora@yeahbutno.de\">hello@yeahbutno.de<\/a><\/p>\n\n\n\n<div style=\"height:100px\" aria-hidden=\"true\" class=\"wp-block-spacer\"><\/div>\n\n\n\n<figure class=\"wp-block-image size-large\"><img fetchpriority=\"high\" decoding=\"async\" width=\"1024\" height=\"747\" src=\"https:\/\/yeahbutno.de\/wp-content\/uploads\/2025\/10\/Computer-1024x747.png\" alt=\"\" class=\"wp-image-88\" srcset=\"https:\/\/yeahbutno.de\/wp-content\/uploads\/2025\/10\/Computer-1024x747.png 1024w, https:\/\/yeahbutno.de\/wp-content\/uploads\/2025\/10\/Computer-300x219.png 300w, https:\/\/yeahbutno.de\/wp-content\/uploads\/2025\/10\/Computer-768x560.png 768w, https:\/\/yeahbutno.de\/wp-content\/uploads\/2025\/10\/Computer-1536x1120.png 1536w, https:\/\/yeahbutno.de\/wp-content\/uploads\/2025\/10\/Computer-2048x1493.png 2048w\" sizes=\"(max-width: 1024px) 100vw, 1024px\" \/><\/figure>\n\n\n\n<div style=\"height:100px\" aria-hidden=\"true\" class=\"wp-block-spacer\"><\/div>\n\n\n\n<div style=\"height:100px\" aria-hidden=\"true\" class=\"wp-block-spacer\"><\/div>\n\n\n\n<p class=\"has-small-font-size\">Impressum<br>Yeah But No GmbH<br>Chausseestra\u00dfe 18<br>10115 Berlin<br>Handelsregister: HRB 217972 B<br>Registergericht: Amtsgericht Charlottenburg (Berlin)<br>Vertreten durch:<br>Dora Osinde<br>Kontakt<br>Telefon: +49 (0) 30-21460537<br>E-Mail: dora@yeahbutno.de<br>Umsatzsteuer-ID<br>Umsatzsteuer-Identifikationsnummer gem\u00e4\u00df \u00a7 27 a Umsatzsteuergesetz:<br>37 462 51275<br>Verbraucherstreitbeilegung\/Universalschlichtungsstelle<br>Wir sind nicht bereit oder verpflichtet, an Streitbeilegungsverfahren vor einer<br>Verbraucherschlichtungsstelle teilzunehmen.<\/p>\n\n\n\n<p class=\"has-small-font-size\"><\/p>\n\n\n\n<div class=\"wp-block-group is-nowrap is-layout-flex wp-container-core-group-is-layout-6c531013 wp-block-group-is-layout-flex\">\n<div class=\"wp-block-group is-layout-constrained wp-block-group-is-layout-constrained\">\n<p class=\"has-small-font-size\">Datenschutzerkl\u00e4rung Stand: Juni 2025<\/p>\n\n\n\n<ol class=\"wp-block-list\">\n<li class=\"has-small-font-size\">Verantwortlicher Verantwortlich f\u00fcr die Verarbeitung personenbezogener Daten auf dieser Website ist: Yeah But No GmbH Chausseestra\u00dfe 18 10115 Berlin Vertreten durch: Dora Osinde E-Mail: dora@yeahbutno.de<\/li>\n\n\n\n<li class=\"has-small-font-size\">Hosting Unsere Website wird bei der STRATO AG, Pascalstra\u00dfe 10, 10587 Berlin, gehostet. Beim Aufruf der Website erhebt STRATO automatisch folgende Daten in sogenannten Server-Logfiles:<\/li>\n<\/ol>\n\n\n\n<p class=\"has-small-font-size\">IP-Adresse des Besuchers<\/p>\n\n\n\n<p class=\"has-small-font-size\">Datum und Uhrzeit des Zugriffs<\/p>\n\n\n\n<p class=\"has-small-font-size\">URL der aufgerufenen Seite<\/p>\n\n\n\n<p class=\"has-small-font-size\">Browsertyp und -version<\/p>\n\n\n\n<p class=\"has-small-font-size\">Betriebssystem<\/p>\n\n\n\n<p class=\"has-small-font-size\">Referrer-URL<\/p>\n\n\n\n<p class=\"has-small-font-size\">Diese Daten dienen ausschlie\u00dflich der technischen \u00dcberwachung und Stabilit\u00e4t des Serverbetriebs. Eine Zusammenf\u00fchrung mit anderen Daten erfolgt nicht. Rechtsgrundlage: Art. 6 Abs. 1 lit. f DSGVO (berechtigtes Interesse).<\/p>\n\n\n\n<ol start=\"3\" class=\"wp-block-list\">\n<li class=\"has-small-font-size\">Kontaktaufnahme per E-Mail Wenn Sie uns per E-Mail kontaktieren, werden die \u00fcbermittelten personenbezogenen Daten (z.\u202fB. Name, E-Mail-Adresse, Inhalt der Nachricht) zum Zweck der Bearbeitung Ihrer Anfrage gespeichert und verarbeitet. Rechtsgrundlagen:<\/li>\n<\/ol>\n\n\n\n<p class=\"has-small-font-size\">Art. 6 Abs. 1 lit. b DSGVO (vorvertragliche Ma\u00dfnahmen \/ Vertragserf\u00fcllung)<\/p>\n\n\n\n<p class=\"has-small-font-size\">Art. 6 Abs. 1 lit. f DSGVO (berechtigtes Interesse an effektiver Kommunikation)<\/p>\n\n\n\n<ol start=\"4\" class=\"wp-block-list\">\n<li class=\"has-small-font-size\">Nutzung von Perspective Funnels Wir nutzen auf unserer Website \/ f\u00fcr unsere Lead-Generierung die Dienste der Perspective Software GmbH, M\u00fclhauser Stra\u00dfe 1, 10405 Berlin (nachfolgend \u201ePerspective\u201c), um interaktive Formulare (Funnels) bereitzustellen.<\/li>\n<\/ol>\n\n\n\n<p class=\"has-small-font-size\">Datenverarbeitung: Wenn Sie unseren Funnel nutzen, werden die von Ihnen eingegebenen Daten (z. B. Antwortauswahl, Kontaktdaten wie Name, E-Mail, Telefonnummer) an Perspective \u00fcbertragen und dort gespeichert. Zudem werden technische Daten (z. B. IP-Adresse, Browsertyp) automatisch erfasst.<\/p>\n\n\n\n<p class=\"has-small-font-size\">Zweck und Rechtsgrundlage: Die Verarbeitung dient der Anbahnung von Gesch\u00e4ftskontakten (Art. 6 Abs. 1 lit. b DSGVO) sowie der technischen Bereitstellung (Art. 6 Abs. 1 lit. f DSGVO).<\/p>\n\n\n\n<p class=\"has-small-font-size\">Auftragsverarbeitung: Wir haben mit Perspective einen Vertrag zur Auftragsverarbeitung (AVV) geschlossen, um die Sicherheit Ihrer Daten zu gew\u00e4hrleisten.<\/p>\n\n\n\n<ol start=\"5\" class=\"wp-block-list\">\n<li class=\"has-small-font-size\">Cookies und technische Elemente Unsere Website verwendet grunds\u00e4tzlich keine Tracking-Cookies von Drittanbietern zu Werbezwecken (wie z. B. Google Analytics oder Facebook Pixel). Im Rahmen der Perspective Funnels werden jedoch technisch notwendige Cookies oder lokale Speichertechniken verwendet, um die Funktionalit\u00e4t des Formulars zu gew\u00e4hrleisten. Rechtsgrundlage ist Art. 6 Abs. 1 lit. f DSGVO (berechtigtes Interesse).<\/li>\n\n\n\n<li class=\"has-small-font-size\">Empf\u00e4nger von Daten Eine Weitergabe Ihrer personenbezogenen Daten an Dritte findet grunds\u00e4tzlich nicht statt, es sei denn, es besteht eine gesetzliche Pflicht dazu oder es handelt sich um unsere vertraglich gebundenen Auftragsverarbeiter (wie Hosting-Provider oder Perspective Software GmbH).<\/li>\n\n\n\n<li class=\"has-small-font-size\">Ihre Rechte Sie haben gem\u00e4\u00df DSGVO folgende Rechte in Bezug auf Ihre personenbezogenen Daten:<\/li>\n<\/ol>\n\n\n\n<p class=\"has-small-font-size\">Recht auf Auskunft (Art. 15 DSGVO)<\/p>\n\n\n\n<p class=\"has-small-font-size\">Recht auf Berichtigung (Art. 16 DSGVO)<\/p>\n\n\n\n<p class=\"has-small-font-size\">Recht auf L\u00f6schung (Art. 17 DSGVO)<\/p>\n\n\n\n<p class=\"has-small-font-size\">Recht auf Einschr\u00e4nkung der Verarbeitung (Art. 18 DSGVO)<\/p>\n\n\n\n<p class=\"has-small-font-size\">Recht auf Daten\u00fcbertragbarkeit (Art. 20 DSGVO)<\/p>\n\n\n\n<p class=\"has-small-font-size\">Recht auf Widerspruch gegen die Verarbeitung (Art. 21 DSGVO)<\/p>\n\n\n\n<p class=\"has-small-font-size\">Recht auf Beschwerde bei einer Aufsichtsbeh\u00f6rde (Art. 77 DSGVO)<\/p>\n\n\n\n<p class=\"has-small-font-size\">\u00c4nderung dieser Datenschutzerkl\u00e4rung Wir behalten uns vor, diese Datenschutzerkl\u00e4rung anzupassen, wenn sich rechtliche Vorgaben oder technische \u00c4nderungen an unserer Website ergeben.<\/p>\n<\/div>\n\n\n\n<p class=\"has-small-font-size\"><\/p>\n<\/div>\n\n\n\n<p><\/p>\n","protected":false},"excerpt":{"rendered":"<p>Wir helfen Marken und Agenturen das Beste aus ihrer Zusammenarbeit herauszuholen. Ohne endlose Pitches, ohne Politik. Unser Ansatz: Creative Strategy meets Relationship Design.Wir \u00fcbersetzen Businessziele in kreative Sprache, entlasten Teams mit klaren Entscheidungslogiken und verwandeln unklare Briefings und Abstimmungsschleifen in bis zu 30 % mehr Effizienz. Daf\u00fcr bieten wir drei Formate:Operating System Implementierung (YBN-OS): wir [&hellip;]<\/p>\n","protected":false},"author":1,"featured_media":18,"parent":0,"menu_order":0,"comment_status":"closed","ping_status":"closed","template":"","meta":{"_acf_changed":false,"footnotes":""},"class_list":["post-2","page","type-page","status-publish","has-post-thumbnail","hentry"],"acf":[],"yoast_head":"<!-- This site is optimized with the Yoast SEO plugin v27.3 - https:\/\/yoast.com\/product\/yoast-seo-wordpress\/ -->\n<title>Redefining Creative Collaboration - Yeah But No<\/title>\n<meta name=\"robots\" content=\"index, follow, max-snippet:-1, max-image-preview:large, max-video-preview:-1\" \/>\n<link rel=\"canonical\" href=\"https:\/\/yeahbutno.de\/en\/sample-page\/\" \/>\n<meta property=\"og:locale\" content=\"en_US\" \/>\n<meta property=\"og:type\" content=\"article\" \/>\n<meta property=\"og:title\" content=\"Redefining Creative Collaboration - Yeah But No\" \/>\n<meta property=\"og:description\" content=\"Wir helfen Marken und Agenturen das Beste aus ihrer Zusammenarbeit herauszuholen. Ohne endlose Pitches, ohne Politik. Unser Ansatz: Creative Strategy meets Relationship Design.Wir \u00fcbersetzen Businessziele in kreative Sprache, entlasten Teams mit klaren Entscheidungslogiken und verwandeln unklare Briefings und Abstimmungsschleifen in bis zu 30 % mehr Effizienz. Daf\u00fcr bieten wir drei Formate:Operating System Implementierung (YBN-OS): wir [&hellip;]\" \/>\n<meta property=\"og:url\" content=\"https:\/\/yeahbutno.de\/en\/sample-page\/\" \/>\n<meta property=\"og:site_name\" content=\"Yeah But No\" \/>\n<meta property=\"article:modified_time\" content=\"2026-02-28T09:13:05+00:00\" \/>\n<meta property=\"og:image\" content=\"https:\/\/yeahbutno.de\/wp-content\/uploads\/2025\/07\/YBN-logo-e1768133363183.png\" \/>\n\t<meta property=\"og:image:width\" content=\"200\" \/>\n\t<meta property=\"og:image:height\" content=\"200\" \/>\n\t<meta property=\"og:image:type\" content=\"image\/png\" \/>\n<meta name=\"twitter:card\" content=\"summary_large_image\" \/>\n<meta name=\"twitter:label1\" content=\"Est. reading time\" \/>\n\t<meta name=\"twitter:data1\" content=\"4 minutes\" \/>\n<script type=\"application\/ld+json\" class=\"yoast-schema-graph\">{\"@context\":\"https:\\\/\\\/schema.org\",\"@graph\":[{\"@type\":\"WebPage\",\"@id\":\"https:\\\/\\\/yeahbutno.de\\\/en\\\/sample-page\\\/\",\"url\":\"https:\\\/\\\/yeahbutno.de\\\/en\\\/sample-page\\\/\",\"name\":\"Redefining Creative Collaboration - Yeah But No\",\"isPartOf\":{\"@id\":\"https:\\\/\\\/yeahbutno.de\\\/en\\\/#website\"},\"primaryImageOfPage\":{\"@id\":\"https:\\\/\\\/yeahbutno.de\\\/en\\\/sample-page\\\/#primaryimage\"},\"image\":{\"@id\":\"https:\\\/\\\/yeahbutno.de\\\/en\\\/sample-page\\\/#primaryimage\"},\"thumbnailUrl\":\"https:\\\/\\\/yeahbutno.de\\\/wp-content\\\/uploads\\\/2025\\\/07\\\/YBN-logo-e1768133363183.png\",\"datePublished\":\"2025-07-25T11:46:41+00:00\",\"dateModified\":\"2026-02-28T09:13:05+00:00\",\"breadcrumb\":{\"@id\":\"https:\\\/\\\/yeahbutno.de\\\/en\\\/sample-page\\\/#breadcrumb\"},\"inLanguage\":\"en-US\",\"potentialAction\":[{\"@type\":\"ReadAction\",\"target\":[\"https:\\\/\\\/yeahbutno.de\\\/en\\\/sample-page\\\/\"]}]},{\"@type\":\"ImageObject\",\"inLanguage\":\"en-US\",\"@id\":\"https:\\\/\\\/yeahbutno.de\\\/en\\\/sample-page\\\/#primaryimage\",\"url\":\"https:\\\/\\\/yeahbutno.de\\\/wp-content\\\/uploads\\\/2025\\\/07\\\/YBN-logo-e1768133363183.png\",\"contentUrl\":\"https:\\\/\\\/yeahbutno.de\\\/wp-content\\\/uploads\\\/2025\\\/07\\\/YBN-logo-e1768133363183.png\",\"width\":200,\"height\":200},{\"@type\":\"BreadcrumbList\",\"@id\":\"https:\\\/\\\/yeahbutno.de\\\/en\\\/sample-page\\\/#breadcrumb\",\"itemListElement\":[{\"@type\":\"ListItem\",\"position\":1,\"name\":\"Home\",\"item\":\"https:\\\/\\\/yeahbutno.de\\\/en\\\/\"},{\"@type\":\"ListItem\",\"position\":2,\"name\":\"Redefining Creative Collaboration\"}]},{\"@type\":\"WebSite\",\"@id\":\"https:\\\/\\\/yeahbutno.de\\\/en\\\/#website\",\"url\":\"https:\\\/\\\/yeahbutno.de\\\/en\\\/\",\"name\":\"Yeah But No\",\"description\":\"YBN hilft Marken, Agenturen zu f\u00fchren \u2013 mit Strategie, Struktur und Erfahrung auf beiden Seiten des Tisches.\",\"publisher\":{\"@id\":\"https:\\\/\\\/yeahbutno.de\\\/en\\\/#organization\"},\"potentialAction\":[{\"@type\":\"SearchAction\",\"target\":{\"@type\":\"EntryPoint\",\"urlTemplate\":\"https:\\\/\\\/yeahbutno.de\\\/en\\\/?s={search_term_string}\"},\"query-input\":{\"@type\":\"PropertyValueSpecification\",\"valueRequired\":true,\"valueName\":\"search_term_string\"}}],\"inLanguage\":\"en-US\"},{\"@type\":\"Organization\",\"@id\":\"https:\\\/\\\/yeahbutno.de\\\/en\\\/#organization\",\"name\":\"Yeah But No\",\"url\":\"https:\\\/\\\/yeahbutno.de\\\/en\\\/\",\"logo\":{\"@type\":\"ImageObject\",\"inLanguage\":\"en-US\",\"@id\":\"https:\\\/\\\/yeahbutno.de\\\/en\\\/#\\\/schema\\\/logo\\\/image\\\/\",\"url\":\"https:\\\/\\\/yeahbutno.de\\\/wp-content\\\/uploads\\\/2025\\\/07\\\/YBN-logo-e1768133363183.png\",\"contentUrl\":\"https:\\\/\\\/yeahbutno.de\\\/wp-content\\\/uploads\\\/2025\\\/07\\\/YBN-logo-e1768133363183.png\",\"width\":200,\"height\":200,\"caption\":\"Yeah But No\"},\"image\":{\"@id\":\"https:\\\/\\\/yeahbutno.de\\\/en\\\/#\\\/schema\\\/logo\\\/image\\\/\"}}]}<\/script>\n<!-- \/ Yoast SEO plugin. -->","yoast_head_json":{"title":"Redefining Creative Collaboration - Yeah But No","robots":{"index":"index","follow":"follow","max-snippet":"max-snippet:-1","max-image-preview":"max-image-preview:large","max-video-preview":"max-video-preview:-1"},"canonical":"https:\/\/yeahbutno.de\/en\/sample-page\/","og_locale":"en_US","og_type":"article","og_title":"Redefining Creative Collaboration - Yeah But No","og_description":"Wir helfen Marken und Agenturen das Beste aus ihrer Zusammenarbeit herauszuholen. Ohne endlose Pitches, ohne Politik. Unser Ansatz: Creative Strategy meets Relationship Design.Wir \u00fcbersetzen Businessziele in kreative Sprache, entlasten Teams mit klaren Entscheidungslogiken und verwandeln unklare Briefings und Abstimmungsschleifen in bis zu 30 % mehr Effizienz. Daf\u00fcr bieten wir drei Formate:Operating System Implementierung (YBN-OS): wir [&hellip;]","og_url":"https:\/\/yeahbutno.de\/en\/sample-page\/","og_site_name":"Yeah But No","article_modified_time":"2026-02-28T09:13:05+00:00","og_image":[{"width":200,"height":200,"url":"https:\/\/yeahbutno.de\/wp-content\/uploads\/2025\/07\/YBN-logo-e1768133363183.png","type":"image\/png"}],"twitter_card":"summary_large_image","twitter_misc":{"Est. reading time":"4 minutes"},"schema":{"@context":"https:\/\/schema.org","@graph":[{"@type":"WebPage","@id":"https:\/\/yeahbutno.de\/en\/sample-page\/","url":"https:\/\/yeahbutno.de\/en\/sample-page\/","name":"Redefining Creative Collaboration - Yeah But No","isPartOf":{"@id":"https:\/\/yeahbutno.de\/en\/#website"},"primaryImageOfPage":{"@id":"https:\/\/yeahbutno.de\/en\/sample-page\/#primaryimage"},"image":{"@id":"https:\/\/yeahbutno.de\/en\/sample-page\/#primaryimage"},"thumbnailUrl":"https:\/\/yeahbutno.de\/wp-content\/uploads\/2025\/07\/YBN-logo-e1768133363183.png","datePublished":"2025-07-25T11:46:41+00:00","dateModified":"2026-02-28T09:13:05+00:00","breadcrumb":{"@id":"https:\/\/yeahbutno.de\/en\/sample-page\/#breadcrumb"},"inLanguage":"en-US","potentialAction":[{"@type":"ReadAction","target":["https:\/\/yeahbutno.de\/en\/sample-page\/"]}]},{"@type":"ImageObject","inLanguage":"en-US","@id":"https:\/\/yeahbutno.de\/en\/sample-page\/#primaryimage","url":"https:\/\/yeahbutno.de\/wp-content\/uploads\/2025\/07\/YBN-logo-e1768133363183.png","contentUrl":"https:\/\/yeahbutno.de\/wp-content\/uploads\/2025\/07\/YBN-logo-e1768133363183.png","width":200,"height":200},{"@type":"BreadcrumbList","@id":"https:\/\/yeahbutno.de\/en\/sample-page\/#breadcrumb","itemListElement":[{"@type":"ListItem","position":1,"name":"Home","item":"https:\/\/yeahbutno.de\/en\/"},{"@type":"ListItem","position":2,"name":"Redefining Creative Collaboration"}]},{"@type":"WebSite","@id":"https:\/\/yeahbutno.de\/en\/#website","url":"https:\/\/yeahbutno.de\/en\/","name":"Yeah But No","description":"YBN hilft Marken, Agenturen zu f\u00fchren \u2013 mit Strategie, Struktur und Erfahrung auf beiden Seiten des Tisches.","publisher":{"@id":"https:\/\/yeahbutno.de\/en\/#organization"},"potentialAction":[{"@type":"SearchAction","target":{"@type":"EntryPoint","urlTemplate":"https:\/\/yeahbutno.de\/en\/?s={search_term_string}"},"query-input":{"@type":"PropertyValueSpecification","valueRequired":true,"valueName":"search_term_string"}}],"inLanguage":"en-US"},{"@type":"Organization","@id":"https:\/\/yeahbutno.de\/en\/#organization","name":"Yeah But No","url":"https:\/\/yeahbutno.de\/en\/","logo":{"@type":"ImageObject","inLanguage":"en-US","@id":"https:\/\/yeahbutno.de\/en\/#\/schema\/logo\/image\/","url":"https:\/\/yeahbutno.de\/wp-content\/uploads\/2025\/07\/YBN-logo-e1768133363183.png","contentUrl":"https:\/\/yeahbutno.de\/wp-content\/uploads\/2025\/07\/YBN-logo-e1768133363183.png","width":200,"height":200,"caption":"Yeah But No"},"image":{"@id":"https:\/\/yeahbutno.de\/en\/#\/schema\/logo\/image\/"}}]}},"_links":{"self":[{"href":"https:\/\/yeahbutno.de\/en\/wp-json\/wp\/v2\/pages\/2","targetHints":{"allow":["GET"]}}],"collection":[{"href":"https:\/\/yeahbutno.de\/en\/wp-json\/wp\/v2\/pages"}],"about":[{"href":"https:\/\/yeahbutno.de\/en\/wp-json\/wp\/v2\/types\/page"}],"author":[{"embeddable":true,"href":"https:\/\/yeahbutno.de\/en\/wp-json\/wp\/v2\/users\/1"}],"replies":[{"embeddable":true,"href":"https:\/\/yeahbutno.de\/en\/wp-json\/wp\/v2\/comments?post=2"}],"version-history":[{"count":44,"href":"https:\/\/yeahbutno.de\/en\/wp-json\/wp\/v2\/pages\/2\/revisions"}],"predecessor-version":[{"id":1521,"href":"https:\/\/yeahbutno.de\/en\/wp-json\/wp\/v2\/pages\/2\/revisions\/1521"}],"wp:featuredmedia":[{"embeddable":true,"href":"https:\/\/yeahbutno.de\/en\/wp-json\/wp\/v2\/media\/18"}],"wp:attachment":[{"href":"https:\/\/yeahbutno.de\/en\/wp-json\/wp\/v2\/media?parent=2"}],"curies":[{"name":"wp","href":"https:\/\/api.w.org\/{rel}","templated":true}]}}